{"id":130,"date":"2024-01-24T14:33:47","date_gmt":"2024-01-24T13:33:47","guid":{"rendered":"https:\/\/cos.ville-migennes.fr\/?page_id=130"},"modified":"2024-02-15T10:05:37","modified_gmt":"2024-02-15T09:05:37","slug":"accueil","status":"publish","type":"page","link":"https:\/\/cos.ville-migennes.fr\/","title":{"rendered":""},"content":{"rendered":"\n<p class=\"has-body-font-family has-large-font-size\">Bienvenue sur le site du COS de Migennes. <\/p>\n\n\n\n<p>Ce site internet \u00e0 pour but de vous diffuser un maximum d\u2019information en compl\u00e9ment des mails, et des r\u00e9unions p\u00e9riodiques \u00e0 propos du COS.<\/p>\n\n\n\n<p>L&rsquo;association nous permet de : f\u00e9d\u00e9rer et r\u00e9unir les agents de la ville de Migennes de la CCAM et du CCAS, proposer des \u00e9v\u00e8nements, proposer des tarifs attractifs via de la billetterie, proposer des aides financi\u00e8res<\/p>\n\n\n\n<p>Nous vous souhaitons une bonne navigation. <\/p>\n\n\n\n<p class=\"has-medium-font-size\">Sur ce site, vous pouvez retrouvez diff\u00e9rentes actualit\u00e9s et informations : <\/p>\n\n\n\n<p><a href=\"https:\/\/cos.ville-migennes.fr\/index.php\/2023\/06\/29\/services\/\" data-type=\"post\" data-id=\"60\"><strong>Les Services<\/strong><\/a> : o\u00f9 vous pouvez trouver les diff\u00e9rentes propositions au sein de l&rsquo;association COS. <\/p>\n\n\n\n<p><strong><a href=\"https:\/\/cos.ville-migennes.fr\/index.php\/2023\/06\/29\/billetterie\/\" data-type=\"post\" data-id=\"53\">La Billetterie<\/a><\/strong> : o\u00f9 vous pouvez trouver les diff\u00e9rentes r\u00e9ductions comme par exemple pour les parcs d&rsquo;attractions ou le cin\u00e9ma.<\/p>\n\n\n\n<p><a href=\"https:\/\/cos.ville-migennes.fr\/index.php\/2023\/06\/29\/activitees\/\" data-type=\"post\" data-id=\"14\"><strong>Les Activit\u00e9s<\/strong><\/a> : o\u00f9 vous pouvez trouver les diff\u00e9rentes activit\u00e9s mises en place et propos\u00e9es au sein du COS. <\/p>\n\n\n\n<p><strong><a href=\"https:\/\/cos.ville-migennes.fr\/index.php\/2023\/06\/29\/membres-du-bureau-du-cos\/\" data-type=\"post\" data-id=\"57\">Les Membres du Bureau COS<\/a><\/strong> : o\u00f9 vous pouvez trouver les diff\u00e9rents membres et leurs fonctions de l&rsquo;association du COS.<\/p>\n\n\n\n<p><strong><a href=\"http:\/\/Docum\">Les Documents<\/a><\/strong> : o\u00f9 vous pouvez trouver les diff\u00e9rents documents t\u00e9l\u00e9chargeables afin d&rsquo;en apprendre plus sur l&rsquo;association.<\/p>\n\n\n\n<p><strong><a href=\"https:\/\/cos.ville-migennes.fr\/index.php\/2023\/06\/29\/galerie-photos\/\" data-type=\"post\" data-id=\"43\">La Galerie Photo<\/a><\/strong> : o\u00f9 vous pouvez trouver des traces de nos anciennes activit\u00e9s et des services rendus gr\u00e2ce \u00e0 l&rsquo;association.<\/p>\n\n\n\n<p><a href=\"https:\/\/cos.ville-migennes.fr\/index.php\/contact\/\" data-type=\"page\" data-id=\"34\"><strong>Contact<\/strong><\/a> : Un probl\u00e8me, une question ? Pas de soucis, n&rsquo;h\u00e9sitez pas \u00e0 nous contacter si vous avez quelque chose \u00e0 nous faire parvenir ! <\/p>\n","protected":false},"excerpt":{"rendered":"<p>Bienvenue sur le site du COS de Migennes. Ce site internet \u00e0 pour but de vous diffuser un maximum d\u2019information en compl\u00e9ment des mails, et des r\u00e9unions p\u00e9riodiques \u00e0 propos du COS. L&rsquo;association nous permet de : f\u00e9d\u00e9rer et r\u00e9unir les agents de la ville de Migennes de la CCAM et du CCAS, proposer des [&hellip;]<\/p>\n","protected":false},"author":1,"featured_media":0,"parent":0,"menu_order":0,"comment_status":"closed","ping_status":"closed","template":"","meta":{"footnotes":""},"class_list":["post-130","page","type-page","status-publish","hentry"],"_links":{"self":[{"href":"https:\/\/cos.ville-migennes.fr\/index.php\/wp-json\/wp\/v2\/pages\/130","targetHints":{"allow":["GET"]}}],"collection":[{"href":"https:\/\/cos.ville-migennes.fr\/index.php\/wp-json\/wp\/v2\/pages"}],"about":[{"href":"https:\/\/cos.ville-migennes.fr\/index.php\/wp-json\/wp\/v2\/types\/page"}],"author":[{"embeddable":true,"href":"https:\/\/cos.ville-migennes.fr\/index.php\/wp-json\/wp\/v2\/users\/1"}],"replies":[{"embeddable":true,"href":"https:\/\/cos.ville-migennes.fr\/index.php\/wp-json\/wp\/v2\/comments?post=130"}],"version-history":[{"count":5,"href":"https:\/\/cos.ville-migennes.fr\/index.php\/wp-json\/wp\/v2\/pages\/130\/revisions"}],"predecessor-version":[{"id":196,"href":"https:\/\/cos.ville-migennes.fr\/index.php\/wp-json\/wp\/v2\/pages\/130\/revisions\/196"}],"wp:attachment":[{"href":"https:\/\/cos.ville-migennes.fr\/index.php\/wp-json\/wp\/v2\/media?parent=130"}],"curies":[{"name":"wp","href":"https:\/\/api.w.org\/{rel}","templated":true}]}}